{"id":28,"date":"2024-10-31T14:22:29","date_gmt":"2024-10-31T13:22:29","guid":{"rendered":"https:\/\/www.zcos.cz\/?page_id=28"},"modified":"2024-10-31T14:22:30","modified_gmt":"2024-10-31T13:22:30","slug":"uvodni-stranka","status":"publish","type":"page","link":"https:\/\/www.zcos.cz\/","title":{"rendered":"\u00davodn\u00ed str\u00e1nka"},"content":{"rendered":"\n<p>Na\u0161e spole\u010dnost byla zalo\u017eena 12. ledna 2006 a zab\u00fdv\u00e1 se p\u0159edev\u0161\u00edm<br>provozov\u00e1n\u00edm \u010derpac\u00edch stanic spole\u010dnosti Shell. Krom\u011b toho se tak\u00e9<br>v\u011bnujeme obchodu, v\u00fdstavb\u011b byt\u016f a restrukturalizaci star\u00fdch dom\u016f nebo<br>pr\u016fmyslov\u00fdch objekt\u016f na bytov\u00e9 prostory.<\/p>\n","protected":false},"excerpt":{"rendered":"<p>Na\u0161e spole\u010dnost byla zalo\u017eena 12. ledna 2006 a zab\u00fdv\u00e1 se p\u0159edev\u0161\u00edmprovozov\u00e1n\u00edm \u010derpac\u00edch stanic spole\u010dnosti Shell. Krom\u011b toho se tak\u00e9v\u011bnujeme obchodu, v\u00fdstavb\u011b byt\u016f a restrukturalizaci star\u00fdch dom\u016f nebopr\u016fmyslov\u00fdch objekt\u016f na bytov\u00e9 prostory.<\/p>\n","protected":false},"author":1,"featured_media":0,"parent":0,"menu_order":0,"comment_status":"closed","ping_status":"closed","template":"","meta":{"footnotes":""},"class_list":["post-28","page","type-page","status-publish","hentry"],"_links":{"self":[{"href":"https:\/\/www.zcos.cz\/index.php?rest_route=\/wp\/v2\/pages\/28","targetHints":{"allow":["GET"]}}],"collection":[{"href":"https:\/\/www.zcos.cz\/index.php?rest_route=\/wp\/v2\/pages"}],"about":[{"href":"https:\/\/www.zcos.cz\/index.php?rest_route=\/wp\/v2\/types\/page"}],"author":[{"embeddable":true,"href":"https:\/\/www.zcos.cz\/index.php?rest_route=\/wp\/v2\/users\/1"}],"replies":[{"embeddable":true,"href":"https:\/\/www.zcos.cz\/index.php?rest_route=%2Fwp%2Fv2%2Fcomments&post=28"}],"version-history":[{"count":1,"href":"https:\/\/www.zcos.cz\/index.php?rest_route=\/wp\/v2\/pages\/28\/revisions"}],"predecessor-version":[{"id":29,"href":"https:\/\/www.zcos.cz\/index.php?rest_route=\/wp\/v2\/pages\/28\/revisions\/29"}],"wp:attachment":[{"href":"https:\/\/www.zcos.cz\/index.php?rest_route=%2Fwp%2Fv2%2Fmedia&parent=28"}],"curies":[{"name":"wp","href":"https:\/\/api.w.org\/{rel}","templated":true}]}}